{"id":654,"date":"2021-11-01T19:34:54","date_gmt":"2021-11-01T19:34:54","guid":{"rendered":"https:\/\/sierradeoportunidades.org\/?page_id=654"},"modified":"2021-12-28T14:22:50","modified_gmt":"2021-12-28T14:22:50","slug":"primera-jornada-de-recuperacion-de-senderos","status":"publish","type":"page","link":"https:\/\/sierradeoportunidades.org\/index.php\/primera-jornada-de-recuperacion-de-senderos\/","title":{"rendered":"Primera Jornada de Recuperaci\u00f3n de Senderos"},"content":{"rendered":"<div data-colibri-id=\"654-c1\" class=\"style-522 style-local-654-c1 position-relative\">\r\n  <!---->\r\n  <div data-colibri-component=\"section\" data-colibri-id=\"654-c2\" id=\"content\" class=\"h-section h-section-global-spacing d-flex align-items-lg-center align-items-md-center align-items-center style-523 style-local-654-c2 position-relative\">\r\n    <!---->\r\n    <!---->\r\n    <div class=\"h-section-grid-container h-section-fluid-container\">\r\n      <!---->\r\n      <div data-colibri-id=\"654-c3\" class=\"h-row-container gutters-row-lg-0 gutters-row-md-0 gutters-row-2 gutters-row-v-lg-0 gutters-row-v-md-0 gutters-row-v-2 style-524 style-local-654-c3 position-relative\">\r\n        <!---->\r\n        <div class=\"h-row justify-content-lg-center justify-content-md-center justify-content-center align-items-lg-stretch align-items-md-stretch align-items-stretch gutters-col-lg-0 gutters-col-md-0 gutters-col-2 gutters-col-v-lg-0 gutters-col-v-md-0 gutters-col-v-2\">\r\n          <!---->\r\n          <div class=\"h-column h-column-container d-flex h-col-lg-auto h-col-md-auto h-col-auto style-525-outer style-local-654-c4-outer\">\r\n            <div data-colibri-id=\"654-c4\" class=\"d-flex h-flex-basis h-column__inner h-px-lg-0 h-px-md-0 h-px-0 v-inner-lg-0 v-inner-md-0 v-inner-0 style-525 style-local-654-c4 position-relative\">\r\n              <!---->\r\n              <!---->\r\n              <div class=\"w-100 h-y-container h-column__content h-column__v-align flex-basis-100 align-self-lg-start align-self-md-start align-self-start\">\r\n                <!---->\r\n                <div data-colibri-id=\"654-c5\" class=\"h-global-transition-all h-heading style-526 style-local-654-c5 position-relative h-element\">\r\n                  <!---->\r\n                  <div class=\"h-heading__outer style-526 style-local-654-c5\">\r\n                    <!---->\r\n                    <!---->\r\n                    <h4 class=\"\">SUBIDA AL ALTO REY (Carrera de bustares)\r\n                      <br>pr\u00e1dena de atienza\r\n                      <br>23 octubre 2021<\/h4>\r\n                  <\/div>\r\n                <\/div>\r\n                <div data-colibri-id=\"654-c6\" class=\"h-global-transition-all h-heading style-527 style-local-654-c6 position-relative h-element\">\r\n                  <!---->\r\n                  <div class=\"h-heading__outer style-527 style-local-654-c6\">\r\n                    <!---->\r\n                    <!---->\r\n                    <h2 class=\"\">Primera Jornada de Recuperaci\u00f3n de Senderos<\/h2>\r\n                  <\/div>\r\n                <\/div>\r\n                <div data-colibri-id=\"654-c7\" class=\"h-text h-text-component style-528 style-local-654-c7 position-relative h-element\">\r\n                  <!---->\r\n                  <!---->\r\n                  <div class=\"\">\r\n                    <p><span style=\"font-family: Arial, sans-serif; font-size: 11pt; color: rgb(0, 0, 0);\">Casi cien personas, de todas edades y venidas de diferentes puntos de la provincia, acudieron a la llamada de la asociaci\u00f3n&nbsp;para realizar labores de mantenimiento sobre el sendero de subida al Alto Rey.&nbsp;<\/span><\/p>\r\n                    <p><strong style=\"font-family: Arial, sans-serif; font-size: 11pt; color: rgb(0, 0, 0);\">Los trabajos se llevaron a cabo el pasado s\u00e1bado 23 de octubre sobre el antiguo camino de herradura denominado&nbsp;<em>Carrera de Bustares<\/em>&nbsp;que comunica las localidades serranas de Pr\u00e1dena de Atienza y Bustares,<\/strong>\r\n                      <span\r\n                        style=\"font-family: Arial, sans-serif; font-size: 11pt; color: rgb(0, 0, 0);\">el cu\u00e1l que qued\u00f3 en desuso cuando se construy\u00f3 \u201cla carretera\u201d, \u00fanica v\u00eda de acceso a esta localidad en la actualidad<\/span>\r\n                    <\/p>\r\n                  <\/div>\r\n                <\/div>\r\n                <div data-colibri-id=\"654-c8\" class=\"h-row-container gutters-row-lg-2 gutters-row-md-2 gutters-row-0 gutters-row-v-lg-2 gutters-row-v-md-2 gutters-row-v-0 style-529 style-local-654-c8 position-relative\">\r\n                  <!---->\r\n                  <div class=\"h-row justify-content-lg-center justify-content-md-center justify-content-center align-items-lg-stretch align-items-md-stretch align-items-stretch gutters-col-lg-2 gutters-col-md-2 gutters-col-0 gutters-col-v-lg-2 gutters-col-v-md-2 gutters-col-v-0\">\r\n                    <!---->\r\n                    <div class=\"h-column h-column-container d-flex h-col-lg-6 h-col-md-6 h-col-6 style-530-outer style-local-654-c9-outer\">\r\n                      <div data-colibri-id=\"654-c9\" class=\"d-flex h-flex-basis h-column__inner h-px-lg-0 h-px-md-0 h-px-0 v-inner-lg-0 v-inner-md-0 v-inner-0 style-530 style-local-654-c9 position-relative\">\r\n                        <!---->\r\n                        <!---->\r\n                        <div class=\"w-100 h-y-container h-column__content h-column__v-align flex-basis-100 align-self-lg-start align-self-md-start align-self-start\">\r\n                          <!---->\r\n                          <div data-colibri-id=\"654-c10\" class=\"h-global-transition-all h-heading style-531 style-local-654-c10 position-relative h-element\">\r\n                            <!---->\r\n                            <div class=\"h-heading__outer style-531 style-local-654-c10\">\r\n                              <!---->\r\n                              <!---->\r\n                              <h5 class=\"\">recuperados\r\n                                <br>m\u00e1s de 1100m de camino<\/h5>\r\n                            <\/div>\r\n                          <\/div>\r\n                          <div data-colibri-id=\"654-c11\" class=\"h-text h-text-component style-532 style-local-654-c11 position-relative h-element\">\r\n                            <!---->\r\n                            <!---->\r\n                            <div class=\"\">\r\n                              <p><span style=\"font-family: Arial, sans-serif; font-size: 11pt;\">Tras la actuaci\u00f3n de los participantes en esta jornada deportiva y l\u00fadica,&nbsp;<\/span><strong style=\"font-family: Arial, sans-serif; font-size: 11pt;\">se han recuperado m\u00e1s de 1100 m de camino que permiten el ascenso de 500 m de desnivel desde Pr\u00e1dena hasta el collado<\/strong>\r\n                                <span\r\n                                  style=\"font-family: Arial, sans-serif; font-size: 11pt;\">. As\u00ed, los amantes del deporte de monta\u00f1a y de la naturaleza podr\u00e1n transitar esta ruta m\u00e1s c\u00f3modamente y sin riesgo a salirse el sendero.<\/span>\r\n                              <\/p>\r\n                              <p>\r\n                                <br>\r\n                              <\/p>\r\n                            <\/div>\r\n                          <\/div>\r\n                        <\/div>\r\n                      <\/div>\r\n                    <\/div>\r\n                    <div class=\"h-column h-column-container d-flex h-col-lg-6 h-col-md-6 h-col-6 style-530-outer style-local-654-c12-outer\">\r\n                      <div data-colibri-id=\"654-c12\" class=\"d-flex h-flex-basis h-column__inner h-px-lg-0 h-px-md-0 h-px-0 v-inner-lg-0 v-inner-md-0 v-inner-0 style-530 style-local-654-c12 position-relative\">\r\n                        <!---->\r\n                        <!---->\r\n                        <div class=\"w-100 h-y-container h-column__content h-column__v-align flex-basis-100 align-self-lg-start align-self-md-start align-self-start\">\r\n                          <!---->\r\n                          <div data-colibri-id=\"654-c13\" class=\"h-global-transition-all h-heading style-531 style-local-654-c13 position-relative h-element\">\r\n                            <!---->\r\n                            <div class=\"h-heading__outer style-531 style-local-654-c13\">\r\n                              <!---->\r\n                              <!---->\r\n                              <h5 class=\"\">la MEMORIA\r\n                                <br> DE NUESTROS PUEBLOS<\/h5>\r\n                            <\/div>\r\n                          <\/div>\r\n                          <div data-colibri-id=\"654-c14\" class=\"h-text h-text-component style-532 style-local-654-c14 position-relative h-element\">\r\n                            <!---->\r\n                            <!---->\r\n                            <div class=\"\">\r\n                              <p><span style=\"font-family: Arial, sans-serif; font-size: 11pt;\">Esta actividad tambi\u00e9n ha contribuido a que no desaparezca en el olvido la existencia de estas hist\u00f3ricas v\u00edas de comunicaci\u00f3n, testigos de la historia de estos pueblos. Adem\u00e1s, ha supuesto una excelente oportunidad para que muchas personas conozcan este rinc\u00f3n de la Sierra Norte y que otros muchos puedan seguir disfrutando de este trayecto en el futuro.<\/span><\/p>\r\n                            <\/div>\r\n                          <\/div>\r\n                        <\/div>\r\n                      <\/div>\r\n                    <\/div>\r\n                  <\/div>\r\n                <\/div>\r\n              <\/div>\r\n            <\/div>\r\n          <\/div>\r\n          <div class=\"h-column h-column-container d-flex h-col-lg-auto h-col-md-auto h-col-auto style-533-outer style-local-654-c15-outer\">\r\n            <div data-colibri-id=\"654-c15\" class=\"d-flex h-flex-basis h-column__inner h-ui-empty-state-container h-px-lg-0 h-px-md-0 h-px-0 v-inner-lg-0 v-inner-md-0 v-inner-0 style-533 style-local-654-c15 position-relative\">\r\n              <!---->\r\n              <!---->\r\n              <div class=\"w-100 h-y-container h-column__content h-column__v-align flex-basis-100\">\r\n                <!---->\r\n              <\/div>\r\n            <\/div>\r\n          <\/div>\r\n        <\/div>\r\n      <\/div>\r\n      <div data-colibri-id=\"654-c16\" class=\"h-row-container gutters-row-lg-2 gutters-row-md-2 gutters-row-0 gutters-row-v-lg-2 gutters-row-v-md-2 gutters-row-v-2 style-564 style-local-654-c16 position-relative\">\r\n        <!---->\r\n        <div class=\"h-row justify-content-lg-center justify-content-md-center justify-content-center align-items-lg-stretch align-items-md-stretch align-items-stretch gutters-col-lg-2 gutters-col-md-2 gutters-col-0 gutters-col-v-lg-2 gutters-col-v-md-2 gutters-col-v-2\">\r\n          <!---->\r\n          <div class=\"h-column h-column-container d-flex h-col-lg-auto h-col-md-auto h-col-auto style-565-outer style-local-654-c17-outer\">\r\n            <div data-colibri-id=\"654-c17\" class=\"d-flex h-flex-basis h-column__inner h-px-lg-2 h-px-md-2 h-px-2 v-inner-lg-2 v-inner-md-2 v-inner-2 style-565 style-local-654-c17 position-relative\">\r\n              <!---->\r\n              <!---->\r\n              <div class=\"w-100 h-y-container h-column__content h-column__v-align flex-basis-100 align-self-lg-start align-self-md-start align-self-start\">\r\n                <!---->\r\n                <div data-colibri-id=\"654-c18\" class=\"d-block style-569 style-local-654-c18 position-relative h-element\">\r\n                  <!---->\r\n                  <div class=\"h-image__frame-container-outer\">\r\n                    <div class=\"h-image__frame-container\">\r\n                      <!---->\r\n                      <!---->\r\n                      <img loading=\"lazy\" decoding=\"async\" width=\"768\" height=\"768\" src=\"https:\/\/sierradeoportunidades.org\/wp-content\/uploads\/2021\/11\/cropped-cropped-231021_Salida-.jpeg\" class=\"wp-image-661 style-569-image style-local-654-c18-image\" alt=\"\" srcset=\"https:\/\/sierradeoportunidades.org\/wp-content\/uploads\/2021\/11\/cropped-cropped-231021_Salida-.jpeg 768w, https:\/\/sierradeoportunidades.org\/wp-content\/uploads\/2021\/11\/cropped-cropped-231021_Salida--300x300.jpeg 300w, https:\/\/sierradeoportunidades.org\/wp-content\/uploads\/2021\/11\/cropped-cropped-231021_Salida--150x150.jpeg 150w\" sizes=\"auto, (max-width: 768px) 100vw, 768px\" \/>\r\n                      <div class=\"h-image__frame h-hide-lg h-hide-md h-hide-sm style-569-frameImage style-local-654-c18-frameImage\"><\/div>\r\n                    <\/div>\r\n                  <\/div>\r\n                <\/div>\r\n              <\/div>\r\n            <\/div>\r\n          <\/div>\r\n          <div class=\"h-column h-column-container d-flex h-col-lg-auto h-col-md-auto h-col-auto style-566-outer style-local-654-c19-outer\">\r\n            <div data-colibri-id=\"654-c19\" class=\"d-flex h-flex-basis h-column__inner h-px-lg-2 h-px-md-2 h-px-2 v-inner-lg-2 v-inner-md-2 v-inner-2 style-566 style-local-654-c19 position-relative\">\r\n              <!---->\r\n              <!---->\r\n              <div class=\"w-100 h-y-container h-column__content h-column__v-align flex-basis-100 align-self-lg-start align-self-md-start align-self-start\">\r\n                <!---->\r\n                <div data-colibri-id=\"654-c20\" class=\"d-block style-570 style-local-654-c20 position-relative h-element\">\r\n                  <!---->\r\n                  <div class=\"h-image__frame-container-outer\">\r\n                    <div class=\"h-image__frame-container\">\r\n                      <!---->\r\n                      <!---->\r\n                      <img loading=\"lazy\" decoding=\"async\" width=\"2115\" height=\"1211\" src=\"https:\/\/sierradeoportunidades.org\/wp-content\/uploads\/2021\/11\/cropped-231021_Senderos04-scaled-1.jpg\" class=\"wp-image-663 style-570-image style-local-654-c20-image\" alt=\"\" srcset=\"https:\/\/sierradeoportunidades.org\/wp-content\/uploads\/2021\/11\/cropped-231021_Senderos04-scaled-1.jpg 2115w, https:\/\/sierradeoportunidades.org\/wp-content\/uploads\/2021\/11\/cropped-231021_Senderos04-scaled-1-300x172.jpg 300w, https:\/\/sierradeoportunidades.org\/wp-content\/uploads\/2021\/11\/cropped-231021_Senderos04-scaled-1-1024x586.jpg 1024w, https:\/\/sierradeoportunidades.org\/wp-content\/uploads\/2021\/11\/cropped-231021_Senderos04-scaled-1-768x440.jpg 768w, https:\/\/sierradeoportunidades.org\/wp-content\/uploads\/2021\/11\/cropped-231021_Senderos04-scaled-1-1536x879.jpg 1536w, https:\/\/sierradeoportunidades.org\/wp-content\/uploads\/2021\/11\/cropped-231021_Senderos04-scaled-1-2048x1173.jpg 2048w\" sizes=\"auto, (max-width: 2115px) 100vw, 2115px\" \/>\r\n                      <div class=\"h-image__frame h-hide-lg h-hide-md h-hide-sm style-570-frameImage style-local-654-c20-frameImage\"><\/div>\r\n                    <\/div>\r\n                  <\/div>\r\n                <\/div>\r\n              <\/div>\r\n            <\/div>\r\n          <\/div>\r\n          <div class=\"h-column h-column-container d-flex h-col-lg-auto h-col-md-auto h-col-auto style-567-outer style-local-654-c21-outer\">\r\n            <div data-colibri-id=\"654-c21\" class=\"d-flex h-flex-basis h-column__inner h-px-lg-2 h-px-md-2 h-px-2 v-inner-lg-2 v-inner-md-2 v-inner-2 style-567 style-local-654-c21 position-relative\">\r\n              <!---->\r\n              <!---->\r\n              <div class=\"w-100 h-y-container h-column__content h-column__v-align flex-basis-100 align-self-lg-start align-self-md-start align-self-start\">\r\n                <!---->\r\n                <div data-colibri-id=\"654-c22\" class=\"d-block style-571 style-local-654-c22 position-relative h-element\">\r\n                  <!---->\r\n                  <div class=\"h-image__frame-container-outer\">\r\n                    <div class=\"h-image__frame-container\">\r\n                      <!---->\r\n                      <!---->\r\n                      <img loading=\"lazy\" decoding=\"async\" width=\"2454\" height=\"1201\" src=\"https:\/\/sierradeoportunidades.org\/wp-content\/uploads\/2021\/10\/cropped-cropped-cropped-image-2.jpeg\" class=\"wp-image-664 style-571-image style-local-654-c22-image\" alt=\"\" srcset=\"https:\/\/sierradeoportunidades.org\/wp-content\/uploads\/2021\/10\/cropped-cropped-cropped-image-2.jpeg 2454w, https:\/\/sierradeoportunidades.org\/wp-content\/uploads\/2021\/10\/cropped-cropped-cropped-image-2-300x147.jpeg 300w, https:\/\/sierradeoportunidades.org\/wp-content\/uploads\/2021\/10\/cropped-cropped-cropped-image-2-1024x501.jpeg 1024w, https:\/\/sierradeoportunidades.org\/wp-content\/uploads\/2021\/10\/cropped-cropped-cropped-image-2-768x376.jpeg 768w, https:\/\/sierradeoportunidades.org\/wp-content\/uploads\/2021\/10\/cropped-cropped-cropped-image-2-1536x752.jpeg 1536w, https:\/\/sierradeoportunidades.org\/wp-content\/uploads\/2021\/10\/cropped-cropped-cropped-image-2-2048x1002.jpeg 2048w\" sizes=\"auto, (max-width: 2454px) 100vw, 2454px\" \/>\r\n                      <div class=\"h-image__frame h-hide-lg h-hide-md h-hide-sm style-571-frameImage style-local-654-c22-frameImage\"><\/div>\r\n                    <\/div>\r\n                  <\/div>\r\n                <\/div>\r\n              <\/div>\r\n            <\/div>\r\n          <\/div>\r\n          <div class=\"h-column h-column-container d-flex h-col-lg-auto h-col-md-auto h-col-auto style-568-outer style-local-654-c23-outer\">\r\n            <div data-colibri-id=\"654-c23\" class=\"d-flex h-flex-basis h-column__inner h-px-lg-2 h-px-md-2 h-px-2 v-inner-lg-2 v-inner-md-2 v-inner-2 style-568 style-local-654-c23 position-relative\">\r\n              <!---->\r\n              <!---->\r\n              <div class=\"w-100 h-y-container h-column__content h-column__v-align flex-basis-100 align-self-lg-start align-self-md-start align-self-start\">\r\n                <!---->\r\n                <div data-colibri-id=\"654-c24\" class=\"d-block style-572 style-local-654-c24 position-relative h-element\">\r\n                  <!---->\r\n                  <div class=\"h-image__frame-container-outer\">\r\n                    <div class=\"h-image__frame-container\">\r\n                      <!---->\r\n                      <!---->\r\n                      <img loading=\"lazy\" decoding=\"async\" width=\"1035\" height=\"749\" src=\"https:\/\/sierradeoportunidades.org\/wp-content\/uploads\/2021\/11\/cropped-231021_Senderos-09.jpg\" class=\"wp-image-666 style-572-image style-local-654-c24-image\" alt=\"\" srcset=\"https:\/\/sierradeoportunidades.org\/wp-content\/uploads\/2021\/11\/cropped-231021_Senderos-09.jpg 1035w, https:\/\/sierradeoportunidades.org\/wp-content\/uploads\/2021\/11\/cropped-231021_Senderos-09-300x217.jpg 300w, https:\/\/sierradeoportunidades.org\/wp-content\/uploads\/2021\/11\/cropped-231021_Senderos-09-1024x741.jpg 1024w, https:\/\/sierradeoportunidades.org\/wp-content\/uploads\/2021\/11\/cropped-231021_Senderos-09-768x556.jpg 768w\" sizes=\"auto, (max-width: 1035px) 100vw, 1035px\" \/>\r\n                      <div class=\"h-image__frame h-hide-lg h-hide-md h-hide-sm style-572-frameImage style-local-654-c24-frameImage\"><\/div>\r\n                    <\/div>\r\n                  <\/div>\r\n                <\/div>\r\n              <\/div>\r\n            <\/div>\r\n          <\/div>\r\n        <\/div>\r\n      <\/div>\r\n    <\/div>\r\n  <\/div>\r\n<\/div>","protected":false},"excerpt":{"rendered":"<p>SUBIDA AL ALTO REY (Carrera de bustares) pr\u00e1dena de atienza 23 octubre 2021 Primera Jornada de Recuperaci\u00f3n de Senderos Casi cien personas, de todas edades y venidas de diferentes puntos de la provincia, acudieron a la llamada de la asociaci\u00f3n&nbsp;para realizar labores de mantenimiento sobre el sendero de subida al Alto Rey.&nbsp; Los trabajos se [&hellip;]<\/p>\n","protected":false},"author":1,"featured_media":0,"parent":0,"menu_order":0,"comment_status":"closed","ping_status":"closed","template":"page-templates\/full-width-page.php","meta":{"footnotes":""},"class_list":["post-654","page","type-page","status-publish","hentry"],"_links":{"self":[{"href":"https:\/\/sierradeoportunidades.org\/index.php\/wp-json\/wp\/v2\/pages\/654","targetHints":{"allow":["GET"]}}],"collection":[{"href":"https:\/\/sierradeoportunidades.org\/index.php\/wp-json\/wp\/v2\/pages"}],"about":[{"href":"https:\/\/sierradeoportunidades.org\/index.php\/wp-json\/wp\/v2\/types\/page"}],"author":[{"embeddable":true,"href":"https:\/\/sierradeoportunidades.org\/index.php\/wp-json\/wp\/v2\/users\/1"}],"replies":[{"embeddable":true,"href":"https:\/\/sierradeoportunidades.org\/index.php\/wp-json\/wp\/v2\/comments?post=654"}],"version-history":[{"count":4,"href":"https:\/\/sierradeoportunidades.org\/index.php\/wp-json\/wp\/v2\/pages\/654\/revisions"}],"predecessor-version":[{"id":692,"href":"https:\/\/sierradeoportunidades.org\/index.php\/wp-json\/wp\/v2\/pages\/654\/revisions\/692"}],"wp:attachment":[{"href":"https:\/\/sierradeoportunidades.org\/index.php\/wp-json\/wp\/v2\/media?parent=654"}],"curies":[{"name":"wp","href":"https:\/\/api.w.org\/{rel}","templated":true}]}}