{"id":262,"date":"2021-09-28T20:43:07","date_gmt":"2021-09-28T20:43:07","guid":{"rendered":"https:\/\/sierradeoportunidades.org\/?page_id=262"},"modified":"2022-02-20T19:23:07","modified_gmt":"2022-02-20T19:23:07","slug":"la-asociacion","status":"publish","type":"page","link":"https:\/\/sierradeoportunidades.org\/index.php\/inicio-2\/la-asociacion\/","title":{"rendered":"La Asociaci\u00f3n"},"content":{"rendered":"<div data-colibri-id=\"262-c1\" class=\"style-370 style-local-262-c1 position-relative\">\r\n  <!---->\r\n  <div data-colibri-component=\"section\" data-colibri-id=\"262-c2\" id=\"overlappable\" class=\"h-section h-section-global-spacing d-flex align-items-lg-center align-items-md-center align-items-center style-371 style-local-262-c2 position-relative\">\r\n    <!---->\r\n    <!---->\r\n    <div class=\"h-section-grid-container h-section-boxed-container\">\r\n      <!---->\r\n      <div data-colibri-id=\"262-c16\" class=\"h-row-container gutters-row-lg-2 gutters-row-md-2 gutters-row-0 gutters-row-v-lg-2 gutters-row-v-md-2 gutters-row-v-2 style-435 style-local-262-c16 position-relative\">\r\n        <!---->\r\n        <div class=\"h-row justify-content-lg-center justify-content-md-center justify-content-center align-items-lg-stretch align-items-md-stretch align-items-stretch gutters-col-lg-2 gutters-col-md-2 gutters-col-0 gutters-col-v-lg-2 gutters-col-v-md-2 gutters-col-v-2\">\r\n          <!---->\r\n          <div class=\"h-column h-column-container d-flex h-col-lg-auto h-col-md-auto h-col-auto style-436-outer style-local-262-c17-outer\">\r\n            <div data-colibri-id=\"262-c17\" class=\"d-flex h-flex-basis h-column__inner h-px-lg-2 h-px-md-2 h-px-2 v-inner-lg-2 v-inner-md-2 v-inner-2 style-436 style-local-262-c17 position-relative\">\r\n              <!---->\r\n              <!---->\r\n              <div class=\"w-100 h-y-container h-column__content h-column__v-align flex-basis-100 align-self-lg-start align-self-md-start align-self-start\">\r\n                <!---->\r\n                <div data-colibri-id=\"262-c21\" class=\"d-block style-440 style-local-262-c21 position-relative h-element\">\r\n                  <!---->\r\n                  <div class=\"h-image__frame-container-outer\">\r\n                    <div class=\"h-image__frame-container\">\r\n                      <!---->\r\n                      <!---->\r\n                      <img loading=\"lazy\" decoding=\"async\" width=\"279\" height=\"279\" src=\"https:\/\/sierradeoportunidades.org\/wp-content\/uploads\/2021\/09\/cropped-cropped-cropped-TejadoPizarra1-1.jpeg\" class=\"wp-image-416 style-440-image style-local-262-c21-image\" alt=\"\" srcset=\"https:\/\/sierradeoportunidades.org\/wp-content\/uploads\/2021\/09\/cropped-cropped-cropped-TejadoPizarra1-1.jpeg 279w, https:\/\/sierradeoportunidades.org\/wp-content\/uploads\/2021\/09\/cropped-cropped-cropped-TejadoPizarra1-1-150x150.jpeg 150w\" sizes=\"auto, (max-width: 279px) 100vw, 279px\" \/>\r\n                      <div class=\"h-image__frame h-hide-lg h-hide-md h-hide-sm style-440-frameImage style-local-262-c21-frameImage\"><\/div>\r\n                    <\/div>\r\n                  <\/div>\r\n                <\/div>\r\n                <div data-colibri-id=\"262-c22\" class=\"d-block style-441 style-local-262-c22 position-relative h-element\">\r\n                  <!---->\r\n                  <div class=\"h-image__frame-container-outer\">\r\n                    <div class=\"h-image__frame-container\">\r\n                      <!---->\r\n                      <!---->\r\n                      <img loading=\"lazy\" decoding=\"async\" width=\"1366\" height=\"1366\" src=\"https:\/\/sierradeoportunidades.org\/wp-content\/uploads\/2021\/09\/cropped-cropped-cropped-Arboles.jpg\" class=\"wp-image-424 style-441-image style-local-262-c22-image\" alt=\"\" srcset=\"https:\/\/sierradeoportunidades.org\/wp-content\/uploads\/2021\/09\/cropped-cropped-cropped-Arboles.jpg 1366w, https:\/\/sierradeoportunidades.org\/wp-content\/uploads\/2021\/09\/cropped-cropped-cropped-Arboles-300x300.jpg 300w, https:\/\/sierradeoportunidades.org\/wp-content\/uploads\/2021\/09\/cropped-cropped-cropped-Arboles-1024x1024.jpg 1024w, https:\/\/sierradeoportunidades.org\/wp-content\/uploads\/2021\/09\/cropped-cropped-cropped-Arboles-150x150.jpg 150w, https:\/\/sierradeoportunidades.org\/wp-content\/uploads\/2021\/09\/cropped-cropped-cropped-Arboles-768x768.jpg 768w\" sizes=\"auto, (max-width: 1366px) 100vw, 1366px\" \/>\r\n                      <div class=\"h-image__frame h-hide-lg h-hide-md h-hide-sm style-441-frameImage style-local-262-c22-frameImage\"><\/div>\r\n                    <\/div>\r\n                  <\/div>\r\n                <\/div>\r\n              <\/div>\r\n            <\/div>\r\n          <\/div>\r\n          <div class=\"h-column h-column-container d-flex h-col-lg-auto h-col-md-auto h-col-auto style-437-outer style-local-262-c18-outer\">\r\n            <div data-colibri-id=\"262-c18\" class=\"d-flex h-flex-basis h-column__inner h-px-lg-2 h-px-md-2 h-px-2 v-inner-lg-2 v-inner-md-2 v-inner-2 style-437 style-local-262-c18 position-relative\">\r\n              <!---->\r\n              <!---->\r\n              <div class=\"w-100 h-y-container h-column__content h-column__v-align flex-basis-100 align-self-lg-start align-self-md-start align-self-start\">\r\n                <!---->\r\n                <div data-colibri-id=\"262-c20\" class=\"h-global-transition-all h-heading style-439 style-local-262-c20 position-relative h-element\">\r\n                  <!---->\r\n                  <div class=\"h-heading__outer style-439 style-local-262-c20\">\r\n                    <!---->\r\n                    <!---->\r\n                    <h4 class=\"\">NACE de la ilusi\u00f3n de la gente de la Sierra Norte por su tierra.\r\n                      <br>\r\n                      <br>CRECE con el convencimiento de que esta tierra tiene mucho que mostrar y compartir.\r\n                      <br>\r\n                      <br>SE CONSTITUYE en asociaci\u00f3n como medio para canalizar toda la energ\u00eda y vitalidad de serranos y amantes de esta comarca en favor de nuestra tierra.TRABAJA para la conservaci\u00f3n de nuestro enorme patrimonio natural, cultural, arquitect\u00f3nico\r\n                      y gastron\u00f3mico.\r\n                      <br>\r\n                      <br>PROMUEVE la organizaci\u00f3n de actividades y jornadas orientadas a la divulgaci\u00f3n y conservaci\u00f3n de la riqueza de nuestra tierra.\r\n                      <br>\r\n                      <br>COLABORA con asociaciones y administraciones p\u00fablicas para conseguir objetivos comunes.\r\n                      <br>\r\n                      <br>INTENTA convertirse en una herramienta de cohesi\u00f3n entre los diferentes municipios serranos y sus gentes.\r\n                      <br>\r\n                      <br>PRETENDE poner en valor a la Sierra Norte como un lugar para visitar, para estar, para disfrutar y ( \u00bfpor qu\u00e9 no? ) para vivir.\r\n                      <br>\r\n                      <br>PERSIGUE revertir el pesimismo dominante en la sociedad actual acerca del futuro de las zonas rurales, especialmente de la Sierra Norte de Guadalajara.ASPIRA a que oriundos, habitantes y visitantes perciban esta tierra como una Sierra\r\n                      de Oportunidades.<\/h4>\r\n                  <\/div>\r\n                <\/div>\r\n              <\/div>\r\n            <\/div>\r\n          <\/div>\r\n        <\/div>\r\n      <\/div>\r\n      <div data-colibri-id=\"262-c27\" class=\"h-row-container gutters-row-lg-2 gutters-row-md-2 gutters-row-0 gutters-row-v-lg-2 gutters-row-v-md-2 gutters-row-v-2 style-446 style-local-262-c27 position-relative\">\r\n        <!---->\r\n        <div class=\"h-row justify-content-lg-center justify-content-md-center justify-content-center align-items-lg-stretch align-items-md-stretch align-items-stretch gutters-col-lg-2 gutters-col-md-2 gutters-col-0 gutters-col-v-lg-2 gutters-col-v-md-2 gutters-col-v-2\">\r\n          <!---->\r\n          <div class=\"h-column h-column-container d-flex h-col-lg-auto h-col-md-auto h-col-auto style-447-outer style-local-262-c28-outer\">\r\n            <div data-colibri-id=\"262-c28\" class=\"d-flex h-flex-basis h-column__inner h-px-lg-2 h-px-md-2 h-px-2 v-inner-lg-2 v-inner-md-2 v-inner-2 style-447 style-local-262-c28 position-relative\">\r\n              <!---->\r\n              <!---->\r\n              <div class=\"w-100 h-y-container h-column__content h-column__v-align flex-basis-100 align-self-lg-start align-self-md-start align-self-start\">\r\n                <!---->\r\n                <div data-colibri-id=\"262-c29\" class=\"h-x-container style-448 style-local-262-c29 position-relative h-element\">\r\n                  <!---->\r\n                  <div class=\"h-x-container-inner style-dynamic-262-c29-group style-448-spacing style-local-262-c29-spacing\"><span class=\"h-button__outer style-449-outer style-local-262-c30-outer d-inline-flex h-element\"><a h-use-smooth-scroll=\"true\" href=\"\"  data-colibri-id=\"262-c30\" class=\"d-flex w-100 align-items-center h-button justify-content-lg-center justify-content-md-center justify-content-center style-449 style-local-262-c30 position-relative\"><!----><!----> <span>antecedentes<\/span><\/a>\r\n                    <\/span>\r\n                  <\/div>\r\n                <\/div>\r\n              <\/div>\r\n            <\/div>\r\n          <\/div>\r\n          <div class=\"h-column h-column-container d-flex h-col-lg-auto h-col-md-auto h-col-auto style-450-outer style-local-262-c31-outer\">\r\n            <div data-colibri-id=\"262-c31\" class=\"d-flex h-flex-basis h-column__inner h-px-lg-2 h-px-md-2 h-px-2 v-inner-lg-2 v-inner-md-2 v-inner-2 style-450 style-local-262-c31 position-relative\">\r\n              <!---->\r\n              <!---->\r\n              <div class=\"w-100 h-y-container h-column__content h-column__v-align flex-basis-100 align-self-lg-start align-self-md-start align-self-start\">\r\n                <!---->\r\n                <div data-colibri-id=\"262-c32\" class=\"h-x-container style-451 style-local-262-c32 position-relative h-element\">\r\n                  <!---->\r\n                  <div class=\"h-x-container-inner style-dynamic-262-c32-group style-451-spacing style-local-262-c32-spacing\"><span class=\"h-button__outer style-452-outer style-local-262-c33-outer d-inline-flex h-element\"><a h-use-smooth-scroll=\"true\" href=\"\"  data-colibri-id=\"262-c33\" class=\"d-flex w-100 align-items-center h-button justify-content-lg-center justify-content-md-center justify-content-center style-452 style-local-262-c33 position-relative\"><!----><!----> <span>proyectos<\/span><\/a>\r\n                    <\/span>\r\n                  <\/div>\r\n                <\/div>\r\n              <\/div>\r\n            <\/div>\r\n          <\/div>\r\n        <\/div>\r\n      <\/div>\r\n    <\/div>\r\n  <\/div>\r\n<\/div>","protected":false},"excerpt":{"rendered":"<p>NACE de la ilusi\u00f3n de la gente de la Sierra Norte por su tierra. CRECE con el convencimiento de que esta tierra tiene mucho que mostrar y compartir. SE CONSTITUYE en asociaci\u00f3n como medio para canalizar toda la energ\u00eda y vitalidad de serranos y amantes de esta comarca en favor de nuestra tierra.TRABAJA para la [&hellip;]<\/p>\n","protected":false},"author":1,"featured_media":0,"parent":15,"menu_order":0,"comment_status":"closed","ping_status":"closed","template":"page-templates\/full-width-page.php","meta":{"footnotes":""},"class_list":["post-262","page","type-page","status-publish","hentry"],"_links":{"self":[{"href":"https:\/\/sierradeoportunidades.org\/index.php\/wp-json\/wp\/v2\/pages\/262","targetHints":{"allow":["GET"]}}],"collection":[{"href":"https:\/\/sierradeoportunidades.org\/index.php\/wp-json\/wp\/v2\/pages"}],"about":[{"href":"https:\/\/sierradeoportunidades.org\/index.php\/wp-json\/wp\/v2\/types\/page"}],"author":[{"embeddable":true,"href":"https:\/\/sierradeoportunidades.org\/index.php\/wp-json\/wp\/v2\/users\/1"}],"replies":[{"embeddable":true,"href":"https:\/\/sierradeoportunidades.org\/index.php\/wp-json\/wp\/v2\/comments?post=262"}],"version-history":[{"count":6,"href":"https:\/\/sierradeoportunidades.org\/index.php\/wp-json\/wp\/v2\/pages\/262\/revisions"}],"predecessor-version":[{"id":440,"href":"https:\/\/sierradeoportunidades.org\/index.php\/wp-json\/wp\/v2\/pages\/262\/revisions\/440"}],"up":[{"embeddable":true,"href":"https:\/\/sierradeoportunidades.org\/index.php\/wp-json\/wp\/v2\/pages\/15"}],"wp:attachment":[{"href":"https:\/\/sierradeoportunidades.org\/index.php\/wp-json\/wp\/v2\/media?parent=262"}],"curies":[{"name":"wp","href":"https:\/\/api.w.org\/{rel}","templated":true}]}}