{"id":2546,"date":"2022-10-11T17:37:29","date_gmt":"2022-10-11T17:37:29","guid":{"rendered":"https:\/\/sierradeoportunidades.org\/?page_id=2546"},"modified":"2022-10-13T21:02:34","modified_gmt":"2022-10-13T21:02:34","slug":"conferencia-wad-al-hayara","status":"publish","type":"page","link":"https:\/\/sierradeoportunidades.org\/index.php\/inicio-2\/conferencia-wad-al-hayara\/","title":{"rendered":"Conferencia \u00abWad-Al-Hayara\u00bb"},"content":{"rendered":"<div data-colibri-id=\"2546-c1\" class=\"style-1950 style-local-2546-c1 position-relative\">\n  <!---->\n  <div data-colibri-component=\"section\" data-colibri-id=\"2546-c2\" id=\"about-2\" class=\"h-section h-section-global-spacing d-flex align-items-lg-center align-items-md-center align-items-center style-1958 style-local-2546-c2 position-relative\">\n    <!---->\n    <!---->\n    <div class=\"h-section-grid-container h-section-boxed-container\">\n      <!---->\n      <div data-colibri-id=\"2546-c3\" class=\"h-row-container gutters-row-lg-0 gutters-row-md-0 gutters-row-0 gutters-row-v-lg-0 gutters-row-v-md-0 gutters-row-v-0 style-1959 style-local-2546-c3 position-relative\">\n        <!---->\n        <div class=\"h-row justify-content-lg-center justify-content-md-center justify-content-center align-items-lg-stretch align-items-md-stretch align-items-stretch gutters-col-lg-0 gutters-col-md-0 gutters-col-0 gutters-col-v-lg-0 gutters-col-v-md-0 gutters-col-v-0\">\n          <!---->\n          <div class=\"h-column h-column-container d-flex h-col-lg-auto h-col-md-auto h-col-auto style-1960-outer style-local-2546-c4-outer\">\n            <div data-colibri-id=\"2546-c4\" class=\"d-flex h-flex-basis h-column__inner h-px-lg-0 h-px-md-0 h-px-0 v-inner-lg-0 v-inner-md-0 v-inner-0 style-1960 style-local-2546-c4 position-relative\">\n              <!---->\n              <!---->\n              <div class=\"w-100 h-y-container h-column__content h-column__v-align flex-basis-100 align-self-lg-start align-self-md-start align-self-start\">\n                <!---->\n                <div data-colibri-id=\"2546-c5\" class=\"h-global-transition-all h-heading style-1961 style-local-2546-c5 position-relative h-element\">\n                  <!---->\n                  <div class=\"h-heading__outer style-1961 style-local-2546-c5\">\n                    <!---->\n                    <!---->\n                    <h5 class=\"\">5 de noviembre de 2022<\/h5>\n                  <\/div>\n                <\/div>\n                <div data-colibri-id=\"2546-c6\" class=\"h-global-transition-all h-heading style-1962 style-local-2546-c6 position-relative h-element\">\n                  <!---->\n                  <div class=\"h-heading__outer style-1962 style-local-2546-c6\">\n                    <!---->\n                    <!---->\n                    <h2 class=\"\">Conferencia&nbsp;<em style=\"font-family: &quot;Playfair Display&quot;;\"><br>Wad Al Hayara<\/em>\n                      <br>en la \u00e9poca del Cid y su paso en el destierro<\/h2>\n                  <\/div>\n                <\/div>\n                <div data-colibri-id=\"2546-c7\" class=\"h-text h-text-component style-1965 style-local-2546-c7 position-relative h-element\">\n                  <!---->\n                  <!---->\n                  <div class=\"\">\n                    <p>por Rafael Gonzalo Tierraseca<\/p>\n                  <\/div>\n                <\/div>\n                <div data-colibri-id=\"2546-c8\" class=\"h-text h-text-component style-1963 style-local-2546-c8 position-relative h-element\">\n                  <!---->\n                  <!---->\n                  <div class=\"\">\n                    <p>C\u00f3mo eran las tierras septentrionales de la Cora andalus\u00ed de la Wad-al-hayara en el siglo XI y sus relaciones con los reinos cristianos del Norte. Tierra de frontera por las que pas\u00f3 el Cid en su destierro y la hip\u00f3tesis de que el\n                      paso fuera junto a la Sierra del Alto Rey.<\/p>\n                  <\/div>\n                <\/div>\n              <\/div>\n            <\/div>\n          <\/div>\n          <div class=\"h-column h-column-container d-flex h-col-lg-auto h-col-md-auto h-col-auto style-1964-outer style-local-2546-c9-outer\">\n            <div data-colibri-id=\"2546-c9\" class=\"d-flex h-flex-basis h-column__inner h-ui-empty-state-container h-px-lg-2 h-px-md-2 h-px-2 v-inner-lg-2 v-inner-md-2 v-inner-2 style-1964 style-local-2546-c9 position-relative\">\n              <!---->\n              <!---->\n              <div class=\"w-100 h-y-container h-column__content h-column__v-align flex-basis-100\">\n                <!---->\n              <\/div>\n            <\/div>\n          <\/div>\n        <\/div>\n      <\/div>\n    <\/div>\n  <\/div>\n  <div data-colibri-component=\"section\" data-colibri-id=\"2546-c10\" id=\"overlappable\" class=\"h-section h-section-global-spacing d-flex align-items-lg-center align-items-md-center align-items-center style-1966 style-local-2546-c10 position-relative\">\n    <!---->\n    <!---->\n    <div class=\"h-section-grid-container h-section-boxed-container\">\n      <!---->\n      <div data-colibri-id=\"2546-c11\" class=\"h-row-container gutters-row-lg-2 gutters-row-md-0 gutters-row-2 gutters-row-v-lg-2 gutters-row-v-md-0 gutters-row-v-2 style-1967 style-local-2546-c11 position-relative\">\n        <!---->\n        <div class=\"h-row justify-content-lg-center justify-content-md-center justify-content-center align-items-lg-stretch align-items-md-stretch align-items-stretch gutters-col-lg-2 gutters-col-md-0 gutters-col-2 gutters-col-v-lg-2 gutters-col-v-md-0 gutters-col-v-2\">\n          <!---->\n          <div class=\"h-column h-column-container d-flex h-col-lg-4 h-col-md-4 h-col-12 style-1968-outer style-local-2546-c12-outer\">\n            <div data-colibri-id=\"2546-c12\" class=\"d-flex h-flex-basis h-column__inner h-px-lg-2 h-px-md-3 h-px-2 v-inner-lg-0 v-inner-md-3 v-inner-2 style-1968 style-local-2546-c12 position-relative\">\n              <!---->\n              <!---->\n              <div class=\"w-100 h-y-container h-column__content h-column__v-align flex-basis-100 align-self-lg-start align-self-md-start align-self-start\">\n                <!---->\n                <div data-colibri-id=\"2546-c13\" class=\"h-icon style-1973 style-local-2546-c13 position-relative h-element\">\n                  <!----><span class=\"h-svg-icon h-icon__icon style-1973-icon style-local-2546-c13-icon\"><!--Icon by Font Awesome (https:\/\/fontawesome.com)--><svg version=\"1.1\" xmlns=\"http:\/\/www.w3.org\/2000\/svg\" xmlns:xlink=\"http:\/\/www.w3.org\/1999\/xlink\" id=\"leanpub\" viewBox=\"0 0 2048 1896.0833\"><path d=\"M1893 392l155 1272q-131 0-257-57-200-91-393-91-226 0-374 148-148-148-374-148-193 0-393 91-128 57-252 57H0L155 392q224-127 482-127 233 0 387 106 154-106 387-106 258 0 482 127zm-495 987q129 0 232 28.5t260 93.5L1766 480q-171-78-368-78-224 0-374 141-150-141-374-141-197 0-368 78L158 1501q105-43 165.5-65t148.5-39.5 178-17.5q202 0 374 108 172-108 374-108zm40-34l-55-907q-211 4-359 155-152-155-374-155-176 0-336 66l-114 941q124-51 228.5-76t221.5-25q209 0 374 102 172-107 374-102z\"><\/path><\/svg><\/span><\/div>\n                <div\n                  data-colibri-id=\"2546-c14\" class=\"h-global-transition-all h-heading style-1970 style-local-2546-c14 position-relative h-element\">\n                  <!---->\n                  <div class=\"h-heading__outer style-1970 style-local-2546-c14\">\n                    <!---->\n                    <!---->\n                    <h5 class=\"\">CULTURAL E HIST\u00d3RICA<\/h5>\n                  <\/div>\n              <\/div>\n              <div data-colibri-id=\"2546-c15\" class=\"h-text h-text-component style-1971 style-local-2546-c15 position-relative h-element\">\n                <!---->\n                <!---->\n                <div class=\"\">\n                  <p>CONOCE LA HISTORIA DE NUESTRA PROVINCIA DE UNA FORMA ESPECIAL<\/p>\n                <\/div>\n              <\/div>\n            <\/div>\n          <\/div>\n        <\/div>\n        <div class=\"h-column h-column-container d-flex h-col-lg-4 h-col-md-4 h-col-12 style-1968-outer style-local-2546-c16-outer\">\n          <div data-colibri-id=\"2546-c16\" class=\"d-flex h-flex-basis h-column__inner h-px-lg-2 h-px-md-3 h-px-2 v-inner-lg-0 v-inner-md-3 v-inner-2 style-1968 style-local-2546-c16 position-relative\">\n            <!---->\n            <!---->\n            <div class=\"w-100 h-y-container h-column__content h-column__v-align flex-basis-100 align-self-lg-start align-self-md-start align-self-start\">\n              <!---->\n              <div data-colibri-id=\"2546-c17\" class=\"h-icon style-1969 style-local-2546-c17 position-relative h-element\">\n                <!----><span class=\"h-svg-icon h-icon__icon style-1969-icon style-local-2546-c17-icon\"><!--Icon by Font Awesome (https:\/\/fontawesome.com)--><svg version=\"1.1\" xmlns=\"http:\/\/www.w3.org\/2000\/svg\" xmlns:xlink=\"http:\/\/www.w3.org\/1999\/xlink\" id=\"clock-o\" viewBox=\"0 0 1536 1896.0833\"><path d=\"M896 544v448q0 14-9 23t-23 9H544q-14 0-23-9t-9-23v-64q0-14 9-23t23-9h224V544q0-14 9-23t23-9h64q14 0 23 9t9 23zm416 352q0-148-73-273t-198-198-273-73-273 73-198 198-73 273 73 273 198 198 273 73 273-73 198-198 73-273zm224 0q0 209-103 385.5T1153.5 1561 768 1664t-385.5-103T103 1281.5 0 896t103-385.5T382.5 231 768 128t385.5 103T1433 510.5 1536 896z\"><\/path><\/svg><\/span><\/div>\n              <div\n                data-colibri-id=\"2546-c18\" class=\"h-global-transition-all h-heading style-1970 style-local-2546-c18 position-relative h-element\">\n                <!---->\n                <div class=\"h-heading__outer style-1970 style-local-2546-c18\">\n                  <!---->\n                  <!---->\n                  <h5 class=\"\">FECHA Y HORA<\/h5>\n                <\/div>\n            <\/div>\n            <div data-colibri-id=\"2546-c19\" class=\"h-text h-text-component style-1971 style-local-2546-c19 position-relative h-element\">\n              <!---->\n              <!---->\n              <div class=\"\">\n                <p>S\u00c1BADO 5 DE NOVIEMBRE<\/p>\n                <p>A LAS 12:00<\/p>\n              <\/div>\n            <\/div>\n          <\/div>\n        <\/div>\n      <\/div>\n      <div class=\"h-column h-column-container d-flex h-col-lg-4 h-col-md-4 h-col-12 style-1968-outer style-local-2546-c20-outer\">\n        <div data-colibri-id=\"2546-c20\" class=\"d-flex h-flex-basis h-column__inner h-px-lg-2 h-px-md-3 h-px-2 v-inner-lg-0 v-inner-md-3 v-inner-2 style-1968 style-local-2546-c20 position-relative\">\n          <!---->\n          <!---->\n          <div class=\"w-100 h-y-container h-column__content h-column__v-align flex-basis-100 align-self-lg-start align-self-md-start align-self-start\">\n            <!---->\n            <div data-colibri-id=\"2546-c21\" class=\"h-icon style-1972 style-local-2546-c21 position-relative h-element\">\n              <!----><span class=\"h-svg-icon h-icon__icon style-1972-icon style-local-2546-c21-icon\"><!--Icon by Font Awesome (https:\/\/fontawesome.com)--><svg version=\"1.1\" xmlns=\"http:\/\/www.w3.org\/2000\/svg\" xmlns:xlink=\"http:\/\/www.w3.org\/1999\/xlink\" id=\"tree\" viewBox=\"0 0 1536 1896.0833\"><path d=\"M1504 1472q0 26-19 45t-45 19H978q1 17 6 87.5t5 108.5q0 25-18 42.5t-43 17.5H608q-25 0-43-17.5t-18-42.5q0-38 5-108.5t6-87.5H96q-26 0-45-19t-19-45 19-45l402-403H224q-26 0-45-19t-19-45 19-45l402-403H384q-26 0-45-19t-19-45 19-45L723 19q19-19 45-19t45 19l384 384q19 19 19 45t-19 45-45 19H955l402 403q19 19 19 45t-19 45-45 19h-229l402 403q19 19 19 45z\"><\/path><\/svg><\/span><\/div>\n            <div\n              data-colibri-id=\"2546-c22\" class=\"h-global-transition-all h-heading style-1970 style-local-2546-c22 position-relative h-element\">\n              <!---->\n              <div class=\"h-heading__outer style-1970 style-local-2546-c22\">\n                <!---->\n                <!---->\n                <h5 class=\"\">EN PLENA NATURALEZA<\/h5>\n              <\/div>\n          <\/div>\n          <div data-colibri-id=\"2546-c23\" class=\"h-text h-text-component style-1971 style-local-2546-c23 position-relative h-element\">\n            <!---->\n            <!---->\n            <div class=\"\">\n              <p>LUGAR: \u00abEL REFUGIO\u00bb&nbsp;<\/p>\n              <p>PR\u00c1DENA DE ATIENZA<\/p>\n            <\/div>\n          <\/div>\n        <\/div>\n      <\/div>\n    <\/div>\n  <\/div>\n<\/div>\n<div data-colibri-id=\"2546-c24\" class=\"h-row-container gutters-row-lg-2 gutters-row-md-2 gutters-row-0 gutters-row-v-lg-2 gutters-row-v-md-2 gutters-row-v-2 style-1980 style-local-2546-c24 position-relative\">\n  <!---->\n  <div class=\"h-row justify-content-lg-center justify-content-md-center justify-content-center align-items-lg-stretch align-items-md-stretch align-items-stretch gutters-col-lg-2 gutters-col-md-2 gutters-col-0 gutters-col-v-lg-2 gutters-col-v-md-2 gutters-col-v-2\">\n    <!---->\n    <div class=\"h-column h-column-container d-flex h-col-lg-auto h-col-md-auto h-col-auto style-1981-outer style-local-2546-c25-outer\">\n      <div data-colibri-id=\"2546-c25\" class=\"d-flex h-flex-basis h-column__inner h-px-lg-2 h-px-md-2 h-px-2 v-inner-lg-2 v-inner-md-2 v-inner-2 style-1981 style-local-2546-c25 position-relative\">\n        <!---->\n        <!---->\n        <div class=\"w-100 h-y-container h-column__content h-column__v-align flex-basis-100 align-self-lg-start align-self-md-start align-self-start\">\n          <!---->\n          <div data-colibri-id=\"2546-c26\" class=\"h-contact-form__outer--forminator style-1979 style-local-2546-c26 position-relative h-element\">\n            <!---->\n            <div class=\"h-global-transition-all h-global-transition h-global-transition-all h-contact-form-shortcode\"><\/div>\n          <\/div>\n        <\/div>\n      <\/div>\n    <\/div>\n  <\/div>\n<\/div>\n<\/div>\n<\/div>\n<\/div>","protected":false},"excerpt":{"rendered":"<p>5 de noviembre de 2022 Conferencia&nbsp;Wad Al Hayara en la \u00e9poca del Cid y su paso en el destierro por Rafael Gonzalo Tierraseca C\u00f3mo eran las tierras septentrionales de la Cora andalus\u00ed de la Wad-al-hayara en el siglo XI y sus relaciones con los reinos cristianos del Norte. Tierra de frontera por las que pas\u00f3 [&hellip;]<\/p>\n","protected":false},"author":1,"featured_media":0,"parent":15,"menu_order":0,"comment_status":"closed","ping_status":"closed","template":"page-templates\/full-width-page.php","meta":{"footnotes":""},"class_list":["post-2546","page","type-page","status-publish","hentry"],"_links":{"self":[{"href":"https:\/\/sierradeoportunidades.org\/index.php\/wp-json\/wp\/v2\/pages\/2546","targetHints":{"allow":["GET"]}}],"collection":[{"href":"https:\/\/sierradeoportunidades.org\/index.php\/wp-json\/wp\/v2\/pages"}],"about":[{"href":"https:\/\/sierradeoportunidades.org\/index.php\/wp-json\/wp\/v2\/types\/page"}],"author":[{"embeddable":true,"href":"https:\/\/sierradeoportunidades.org\/index.php\/wp-json\/wp\/v2\/users\/1"}],"replies":[{"embeddable":true,"href":"https:\/\/sierradeoportunidades.org\/index.php\/wp-json\/wp\/v2\/comments?post=2546"}],"version-history":[{"count":3,"href":"https:\/\/sierradeoportunidades.org\/index.php\/wp-json\/wp\/v2\/pages\/2546\/revisions"}],"predecessor-version":[{"id":2629,"href":"https:\/\/sierradeoportunidades.org\/index.php\/wp-json\/wp\/v2\/pages\/2546\/revisions\/2629"}],"up":[{"embeddable":true,"href":"https:\/\/sierradeoportunidades.org\/index.php\/wp-json\/wp\/v2\/pages\/15"}],"wp:attachment":[{"href":"https:\/\/sierradeoportunidades.org\/index.php\/wp-json\/wp\/v2\/media?parent=2546"}],"curies":[{"name":"wp","href":"https:\/\/api.w.org\/{rel}","templated":true}]}}